{"id":644,"date":"2023-08-14T09:06:57","date_gmt":"2023-08-14T09:06:57","guid":{"rendered":"https:\/\/prefna.com\/prefcrm\/"},"modified":"2023-09-15T14:45:11","modified_gmt":"2023-09-15T14:45:11","slug":"prefcrm","status":"publish","type":"page","link":"https:\/\/prefna.com\/de\/prefcrm\/","title":{"rendered":"PrefCRM"},"content":{"rendered":"    <section class=\"hero-small hero-small-4\">\n        <div class=\"inner-box\">\n            <div class=\"left-image\">\n                                    <img decoding=\"async\" src=\"https:\/\/prefna.com\/wp-content\/uploads\/2023\/08\/hero-3.webp\" alt=\"\"\/>\n                            <\/div>\n            <div class=\"right-image\">\n                                    <img decoding=\"async\" src=\"https:\/\/prefna.com\/wp-content\/uploads\/2023\/08\/hero-4.webp\" alt=\"\"\/>\n                            <\/div>\n        <\/div>\n        <h3 class=\"title-h3\" data-aos=\"fade-in\">Zukunftssicher und beeindruckend. Einfach CRM.<\/h3>\n    <\/section>\n\n\n    <section class=\"youtube\">\n        <div class=\"container\">\n            <iframe loading=\"lazy\" width=\"560\" height=\"315\" src=\"https:\/\/www.youtube.com\/embed\/Jw97LcbFOhM\"\n                    title=\"YouTube video player\"\n                    frameborder=\"0\"\n                    allow=\"accelerometer; autoplay; clipboard-write; encrypted-media; gyroscope; picture-in-picture; web-share\"\n                    allowfullscreen><\/iframe>\n        <\/div>\n    <\/section>\n\n\n\t   <section class=\"prefcrm-supports\">\n\t\t\t\t\t\t\t\t\t\t\t\t\n\t\t\t\t\t\t\t\t\t<div class=\"item\">\n\t\t\t\t\t\t<div class=\"image fade-in-image\" style=\"filter: brightness(0);\">\n\t\t\t\t\t\t\t\t\t\t\t\t\t\t\t<img decoding=\"async\" src=\"https:\/\/prefna.com\/wp-content\/uploads\/2023\/08\/supports-img-1.webp\"\n\t\t\t\t\t\t\t\t\t alt=\"\"\/>\n\t\t\t\t\t\t\t\t\t\t\t\t\t<\/div>\n\t\t\t\t\t\t<div class=\"text\" data-aos=\"fade-left\">\n\t\t\t\t\t\t\t<p>PrefCRM unterst\u00fctzt Sie bei Ihren t\u00e4glichen Aufgaben, Prozessen und im direkten Kundenkontakt als zentrales Unternehmensged\u00e4chtnis und als Plattform f\u00fcr die Zukunft.<\/p>\n<p>Freuen Sie sich auf eine intelligent vernetzte 360\u00b0-Sicht auf Ihre Kundenbeziehungen und genie\u00dfen Sie die effiziente Unterst\u00fctzung durch intelligente Assistenten (AIA\u00ae).<\/p>\n<p>Vom Einsteiger bis zum CRM-Experten: Vom ersten Tag an k\u00f6nnen Sie auf PrefCRM z\u00e4hlen, um Ihre Prozesse zu optimieren und wertvolle Ressourcen zu sparen.<\/p>\n<p>Unabh\u00e4ngig davon, wo Ihr Team arbeitet oder ob es den Web-Client, den Desktop-Client oder die mobile App nutzt &#8211; alle Mitarbeiter k\u00f6nnen jederzeit auf die relevanten Informationen zugreifen, und das auf faszinierend einfache Weise.<\/p>\n\t\t\t\t\t\t<\/div>\n\t\t\t\t\t<\/div>\n\t\t\t\t\t\t\t\t\t\t\t\n\t\t\t\t\t\t\t\t\t<div class=\"item\">\n\t\t\t\t\t\t<div class=\"text\" data-aos=\"fade-right\">\n\t\t\t\t\t\t\t<p>Die intelligenten Assistenten in CAS genesisWorld helfen Ihnen und Ihren Mitarbeitern, die richtigen Entscheidungen zu treffen. Die Augmented Intelligence Assistants (AIA\u00ae) stehen Ihnen sofort und ohne zus\u00e4tzliche Kosten zur Verf\u00fcgung und unterst\u00fctzen Sie bei Ihren t\u00e4glichen Routinen. Die KI-basierten Algorithmen agieren stets transparent und bereiten die Basis f\u00fcr Ihre fundierten Entscheidungen perfekt vor.<\/p>\n\t\t\t\t\t\t\t                                 <ul>\n                                                                    <li data-aos=\"fade-right\">\n                                        <div class=\"icon\">\n                                                                                            <img decoding=\"async\" src=\"https:\/\/prefna.com\/wp-content\/uploads\/2023\/08\/picasso_search.webp\"\n                                                     alt=\"\"\/>\n                                                                                    <\/div>\n                                        <p>Ideale Unterst\u00fctzung zu jeder Zeit Nach dem Motto &#8222;Finden statt Suchen&#8220; schl\u00e4gt die Picasso-Suche (1) auf Basis Ihres individuellen Nutzerverhaltens alle relevanten Aktivit\u00e4ten, Dokumente, Projekte, Kontakte und vieles mehr vor.<\/p>\n                                    <\/li>\n                                                                    <li data-aos=\"fade-right\">\n                                        <div class=\"icon\">\n                                                                                            <img decoding=\"async\" src=\"https:\/\/prefna.com\/wp-content\/uploads\/2023\/08\/Opportunity_wizard.webp\"\n                                                     alt=\"\"\/>\n                                                                                    <\/div>\n                                        <p>Der Opportunity-Assistent (2) unterst\u00fctzt Sie vom Lead bis zur gewonnenen Opportunity: Gef\u00fchrt durch den Assistenten erfassen Sie mit wenigen Klicks den ersten Kontakt und k\u00f6nnen sich auf den pers\u00f6nlichen Austausch konzentrieren. So wandeln Sie vielversprechende Leads in Opportunities um und k\u00f6nnen sofort die erforderlichen Angebotsunterlagen erstellen.<\/p>\n                                    <\/li>\n                                                                    <li data-aos=\"fade-right\">\n                                        <div class=\"icon\">\n                                                                                            <img decoding=\"async\" src=\"https:\/\/prefna.com\/wp-content\/uploads\/2023\/08\/CR_wizard.webp\"\n                                                     alt=\"\"\/>\n                                                                                    <\/div>\n                                        <p>Mit dem Kundenbeziehungsassistenten (3) bringen Sie kundenspezifische Entwicklungen, Ver\u00e4nderungen und den aktuellen Stand Ihrer Kundenbeziehungen auf den Punkt. Die transparenten Daten sind die ideale Basis f\u00fcr eine kompetente Beratung auf Augenh\u00f6he und eine noch st\u00e4rkere Kundenbindung (ab Herbst 2022).<\/p>\n                                    <\/li>\n                                                            <\/ul>\n                        \t\t\t\t\t\t<\/div>\n\t\t\t\t\t\t<div class=\"image fade-in-image\" style=\"filter: brightness(0);\">\n\t\t\t\t\t\t\t\t\t\t\t\t\t\t\t<img decoding=\"async\" src=\"https:\/\/prefna.com\/wp-content\/uploads\/2023\/08\/supports-img-2.webp\"\n\t\t\t\t\t\t\t\t\t alt=\"\"\/>\n\t\t\t\t\t\t\t\t\t\t\t\t\t<\/div>\n\t\t\t\t\t<\/div>\n\t\t\t\t\t\t\t\t\t\t\t\n\t\t\t\t\t\t\t\t\t<div class=\"item\">\n\t\t\t\t\t\t<div class=\"image fade-in-image\" style=\"filter: brightness(0);\">\n\t\t\t\t\t\t\t\t\t\t\t\t\t\t\t<img decoding=\"async\" src=\"https:\/\/prefna.com\/wp-content\/uploads\/2023\/08\/supports-img-3.webp\"\n\t\t\t\t\t\t\t\t\t alt=\"\"\/>\n\t\t\t\t\t\t\t\t\t\t\t\t\t<\/div>\n\t\t\t\t\t\t<div class=\"text\" data-aos=\"fade-left\">\n\t\t\t\t\t\t\t<p>Mit CAS genesisWorld entscheiden Sie, welche Daten f\u00fcr Sie und Ihr Team relevant sind. Sie k\u00f6nnen die Oberfl\u00e4che schnell und einfach anpassen, rollenbasierte Dashboards erstellen und Daten direkt \u00fcber App-Ansichten bereitstellen.<\/p>\n<p>Heben Sie wichtige \u00c4nderungen an Opportunities im Vertriebs-Dashboard hervor.<\/p>\n<p>Umfangreiche Skripting-Funktionen unterst\u00fctzen Sie dabei, die Hervorhebung wichtiger Informationen zu automatisieren, rollenspezifische Dashboards zu erstellen, Datensatzformulare mit unternehmensrelevanten Werten zu erstellen und automatisierte Prozesse zu definieren.<\/p>\n<p>Mit PrefCRM stellen Sie ma\u00dfgeschneiderte Anwendungen und Informationen zur Verf\u00fcgung und schaffen so die ideale Arbeitsumgebung.<\/p>\n<p>Die mit dem App Designer vorgenommenen Scripting-Einstellungen und Anpassungen sind updatef\u00e4hig und stehen in den CAS genesisWorld SmartDesign\u00ae-Clients zur Verf\u00fcgung.<\/p>\n<p>Sie k\u00f6nnen die beliebten Business-Metriken-Widgets (5) jetzt \u00fcberall dort platzieren, wo sie ben\u00f6tigt werden, und zwar auf beliebigen Dashboards, Formularen oder Assistenten. So erhalten Sie einen noch schnelleren und transparenteren \u00dcberblick \u00fcber alle relevanten Informationen und erleichtern Ihre Entscheidungsfindung.<\/p>\n\t\t\t\t\t\t<\/div>\n\t\t\t\t\t<\/div>\n\t\t\t\t\t\t\t\t\t\t<\/section>\n\n\n\n    <section class=\"interested interested-2\">\n        <div class=\"container\">\n            <div class=\"wrapper-text\" data-aos=\"fade-in\">\n                                    <img decoding=\"async\" src=\"https:\/\/prefna.com\/wp-content\/uploads\/2023\/08\/PrefCRM-alldevices.webp\" alt=\"\"\/>\n                                <h4 class=\"title-h4\">Interessiert?<\/h4>\n                <a href=\"mailto:welcome@prefna.com\"\n                   class=\"btn btn-4\">Ja!<\/a>\n            <\/div>\n        <\/div>\n    <\/section>\n","protected":false},"excerpt":{"rendered":"","protected":false},"author":1,"featured_media":0,"parent":0,"menu_order":0,"comment_status":"closed","ping_status":"closed","template":"template-parts\/page-prefcrm.php","meta":{"_acf_changed":false,"footnotes":""},"class_list":["post-644","page","type-page","status-publish","hentry"],"acf":[],"_links":{"self":[{"href":"https:\/\/prefna.com\/de\/wp-json\/wp\/v2\/pages\/644"}],"collection":[{"href":"https:\/\/prefna.com\/de\/wp-json\/wp\/v2\/pages"}],"about":[{"href":"https:\/\/prefna.com\/de\/wp-json\/wp\/v2\/types\/page"}],"author":[{"embeddable":true,"href":"https:\/\/prefna.com\/de\/wp-json\/wp\/v2\/users\/1"}],"replies":[{"embeddable":true,"href":"https:\/\/prefna.com\/de\/wp-json\/wp\/v2\/comments?post=644"}],"version-history":[{"count":2,"href":"https:\/\/prefna.com\/de\/wp-json\/wp\/v2\/pages\/644\/revisions"}],"predecessor-version":[{"id":657,"href":"https:\/\/prefna.com\/de\/wp-json\/wp\/v2\/pages\/644\/revisions\/657"}],"wp:attachment":[{"href":"https:\/\/prefna.com\/de\/wp-json\/wp\/v2\/media?parent=644"}],"curies":[{"name":"wp","href":"https:\/\/api.w.org\/{rel}","templated":true}]}}