{"id":640,"date":"2023-08-14T09:05:48","date_gmt":"2023-08-14T09:05:48","guid":{"rendered":"https:\/\/prefna.com\/prefsuite-m\/"},"modified":"2024-03-15T09:10:36","modified_gmt":"2024-03-15T09:10:36","slug":"prefsuite-m","status":"publish","type":"page","link":"https:\/\/prefna.com\/de\/prefsuite-m\/","title":{"rendered":"PrefSuite M"},"content":{"rendered":"    <section class=\"hero-small hero-small-2\">\n        <div class=\"inner-box\">\n            <div class=\"left-image\">\n                                    <img decoding=\"async\" src=\"https:\/\/prefna.com\/wp-content\/uploads\/2023\/08\/left-image.webp\" alt=\"\"\/>\n                            <\/div>\n            <div class=\"center-image\">\n                                    <img decoding=\"async\" src=\"https:\/\/prefna.com\/wp-content\/uploads\/2023\/08\/inner-box-logo.webp\" alt=\"\"\/>\n                            <\/div>\n            <div class=\"right-image\">\n                                    <img decoding=\"async\" src=\"https:\/\/prefna.com\/wp-content\/uploads\/2023\/08\/right-image.webp\" alt=\"\"\/>\n                            <\/div>\n        <\/div>\n        <h3 class=\"title-h3\">Echte L\u00f6sungen f\u00fcr echte Probleme.<\/h3>\n    <\/section>\n        <section class=\"all-videos\">\n        <div class=\"container\">\n            <div class=\"swiper-container slider_1_css slider_1\">\n                                    <div class=\"swiper-wrapper\">\n                                                    <div class=\"swiper-slide\">\n                                <a href=\"https:\/\/www.youtube.com\/watch?v=v0Pqk-13Cbs\" class=\"popup-youtube image\">\n                                                                            <img decoding=\"async\" src=\"https:\/\/prefna.com\/wp-content\/uploads\/2023\/08\/cover-video-1.jpg\"\n                                             alt=\"\"\/>\n                                                                        <div class=\"play\">\n                                        <img decoding=\"async\" src=\"https:\/\/prefna.com\/wp-content\/themes\/prefco\/assets\/img\/video-play.svg\" alt=\"\">\n                                        <div class=\"title\">Play Video<\/div>\n                                    <\/div>\n                                <\/a>\n                                <div class=\"wrapper-content\">\n                                                                            <div class=\"title\">PrefXplain &#8211; Episode 6 &#8211; PrefInventory<\/div>\n                                                                                                                <div class=\"desc\">PrefInventory ist eine Anwendung f\u00fcr die Werkstatt, die Ihr Inventar auf dem neuesten Stand h\u00e4lt! Es weist das Lagerpersonal genau an, wo es Inventar ein- oder auslagern soll und ber\u00fccksichtigt dabei sowohl statische als auch dynamische (chaotische) Inventurverfahren!<\/div>\n                                                                    <\/div>\n                            <\/div>\n                                                    <div class=\"swiper-slide\">\n                                <a href=\"https:\/\/www.youtube.com\/watch?v=qRtRlbprHGo\" class=\"popup-youtube image\">\n                                                                            <img decoding=\"async\" src=\"https:\/\/prefna.com\/wp-content\/uploads\/2023\/08\/cover-video-2.jpg\"\n                                             alt=\"\"\/>\n                                                                        <div class=\"play\">\n                                        <img decoding=\"async\" src=\"https:\/\/prefna.com\/wp-content\/themes\/prefco\/assets\/img\/video-play.svg\" alt=\"\">\n                                        <div class=\"title\">Play Video<\/div>\n                                    <\/div>\n                                <\/a>\n                                <div class=\"wrapper-content\">\n                                                                            <div class=\"title\">PrefXplain &#8211; Episode 4 &#8211; Pref2Do von PrefNA<\/div>\n                                                                                                        <\/div>\n                            <\/div>\n                                                    <div class=\"swiper-slide\">\n                                <a href=\"https:\/\/www.youtube.com\/watch?v=gE2U5EJK3JY\" class=\"popup-youtube image\">\n                                                                            <img decoding=\"async\" src=\"https:\/\/prefna.com\/wp-content\/uploads\/2023\/08\/cover-video-3.jpg\"\n                                             alt=\"\"\/>\n                                                                        <div class=\"play\">\n                                        <img decoding=\"async\" src=\"https:\/\/prefna.com\/wp-content\/themes\/prefco\/assets\/img\/video-play.svg\" alt=\"\">\n                                        <div class=\"title\">Play Video<\/div>\n                                    <\/div>\n                                <\/a>\n                                <div class=\"wrapper-content\">\n                                                                            <div class=\"title\">PrefXplain &#8211; Episode 2 &#8211; PrefTracking, PrefXpress, PrefOrganizer von PrefNA<\/div>\n                                                                                                        <\/div>\n                            <\/div>\n                                                    <div class=\"swiper-slide\">\n                                <a href=\"https:\/\/www.youtube.com\/watch?v=SK_5Fu_GAkM\" class=\"popup-youtube image\">\n                                                                            <img decoding=\"async\" src=\"https:\/\/prefna.com\/wp-content\/uploads\/2023\/08\/cover-video-4.jpg\"\n                                             alt=\"\"\/>\n                                                                        <div class=\"play\">\n                                        <img decoding=\"async\" src=\"https:\/\/prefna.com\/wp-content\/themes\/prefco\/assets\/img\/video-play.svg\" alt=\"\">\n                                        <div class=\"title\">Play Video<\/div>\n                                    <\/div>\n                                <\/a>\n                                <div class=\"wrapper-content\">\n                                                                            <div class=\"title\">PrefXplain &#8211; Episode 3 &#8211; PrefMeasure von PrefNA<\/div>\n                                                                                                                <div class=\"desc\">Vor-Ort-Aufma\u00df und Preisgestaltung mit Ihrem mobilen Ger\u00e4t<\/div>\n                                                                    <\/div>\n                            <\/div>\n                                            <\/div>\n                \n                <div class=\"swiper-button-next\"><\/div>\n                <div class=\"swiper-button-prev\"><\/div>\n            <\/div>\n        <\/div>\n    <\/section>\n    \n    <section class=\"section-text-image\">\n        <div class=\"container\">\n                            <ul class=\"slides\">\n                                            <div class=\"item\">\n                            <div class=\"left-box\" data-aos=\"fade-right\">\n                                                                    <img decoding=\"async\" src=\"https:\/\/prefna.com\/wp-content\/uploads\/2023\/08\/PrefMeasure_Mockup.webp\"\n                                         alt=\"\"\/>\n                                                            <\/div>\n                            <div class=\"right-box\" data-aos=\"fade-left\">\n                                <div class=\"logo-image\">\n                                                                            <img decoding=\"async\" src=\"https:\/\/prefna.com\/wp-content\/uploads\/2023\/08\/PrefMeasure_black.webp\"\n                                             alt=\"\"\/>\n                                                                    <\/div>\n                                                                    <h4 class=\"title-h4\">Zeit zu beeindrucken. <br> Mit Echtzeit-Aufma\u00df. <br> Und Echtzeit-Preisen.<\/h4>\n                                \n                                \n\n                                                                    <p>Verwenden Sie Augmented Reality, ein Ma\u00dfband oder ein Lasermessger\u00e4t mit Bluetooth.<\/p>\n<p>\u00dcbertragen Sie neue Messungen auf neue oder vorhandene Dokumente.<\/p>\n<p>Reduzieren Sie die Fehlerquote und die Zeit bis zur Markteinf\u00fchrung drastisch.<\/p>\n<p>Erhalten Sie sofortige Preisaktualisierungen, wo immer Sie sind.<\/p>\n<p>Nahtlose Integration in PrefSuite.<\/p>\n                                \n                                \n                                <div class=\"wrapper-btn\">\n                                                                            <a href=\"#1\">\n                                            <img decoding=\"async\" src=\"https:\/\/prefna.com\/wp-content\/themes\/prefco\/assets\/\/img\/app-store.webp\" alt=\"\">\n                                        <\/a>\n                                                                                                                <a href=\"#2\">\n                                            <img decoding=\"async\" src=\"https:\/\/prefna.com\/wp-content\/themes\/prefco\/assets\/\/img\/google-play.webp\" alt=\"\">\n                                        <\/a>\n                                                                    <\/div>\n                            <\/div>\n                        <\/div>\n                                                <div class=\"item\">\n                            <div class=\"left-box\" data-aos=\"fade-left\">\n                                                                    <img decoding=\"async\" src=\"https:\/\/prefna.com\/wp-content\/uploads\/2023\/08\/PrefTracking_Mockup.webp\"\n                                         alt=\"\"\/>\n                                                            <\/div>\n                            <div class=\"right-box\" data-aos=\"fade-right\">\n                                <div class=\"logo-image\">\n                                                                            <img decoding=\"async\" src=\"https:\/\/prefna.com\/wp-content\/uploads\/2023\/08\/PrefTracking_black.webp\"\n                                             alt=\"\"\/>\n                                                                    <\/div>\n                                                                    <h4 class=\"title-h4\">Ihre H\u00e4ndler. <br> Verfolgen Sie ihre Bestellungen. <br> in Echtzeit.<\/h4>\n                                \n                                                                    <div class=\"image\">\n                                        <img decoding=\"async\" src=\"https:\/\/prefna.com\/wp-content\/uploads\/2023\/08\/PrefTracking-flow.webp\"\n                                             alt=\"\"\/>\n                                    <\/div>\n                                \n\n                                \n                                \n                                <div class=\"wrapper-btn\">\n                                                                            <a href=\"#1\">\n                                            <img decoding=\"async\" src=\"https:\/\/prefna.com\/wp-content\/themes\/prefco\/assets\/\/img\/app-store.webp\" alt=\"\">\n                                        <\/a>\n                                                                                                                <a href=\"#2\">\n                                            <img decoding=\"async\" src=\"https:\/\/prefna.com\/wp-content\/themes\/prefco\/assets\/\/img\/google-play.webp\" alt=\"\">\n                                        <\/a>\n                                                                    <\/div>\n                            <\/div>\n                        <\/div>\n                                                <div class=\"item\">\n                            <div class=\"left-box\" data-aos=\"fade-right\">\n                                                                    <img decoding=\"async\" src=\"https:\/\/prefna.com\/wp-content\/uploads\/2023\/08\/PrefXpress_Mockup.webp\"\n                                         alt=\"\"\/>\n                                                            <\/div>\n                            <div class=\"right-box\" data-aos=\"fade-left\">\n                                <div class=\"logo-image\">\n                                                                            <img decoding=\"async\" src=\"https:\/\/prefna.com\/wp-content\/uploads\/2023\/08\/PrefXpress_black.webp\"\n                                             alt=\"\"\/>\n                                                                    <\/div>\n                                                                    <h4 class=\"title-h4\">Ein sicheres Versandverfahren. <br> F\u00fcr Sie. <br> Und Ihre Kunden.<\/h4>\n                                \n                                \n\n                                                                    <p>Verwenden Sie Augmented Reality, ein Ma\u00dfband oder ein Lasermessger\u00e4t mit Bluetooth.<\/p>\n<p>\u00dcbertragen Sie neue Messungen auf neue oder vorhandene Dokumente.<\/p>\n<p>Reduzieren Sie die Fehlerquote und die Zeit bis zur Markteinf\u00fchrung drastisch.<\/p>\n<p>Erhalten Sie sofortige Preisaktualisierungen, wo immer Sie sind.<\/p>\n<p>Nahtlose Integration in PrefSuite.<\/p>\n                                \n                                \n                                <div class=\"wrapper-btn\">\n                                                                            <a href=\"#1\">\n                                            <img decoding=\"async\" src=\"https:\/\/prefna.com\/wp-content\/themes\/prefco\/assets\/\/img\/app-store.webp\" alt=\"\">\n                                        <\/a>\n                                                                                                                <a href=\"#2\">\n                                            <img decoding=\"async\" src=\"https:\/\/prefna.com\/wp-content\/themes\/prefco\/assets\/\/img\/google-play.webp\" alt=\"\">\n                                        <\/a>\n                                                                    <\/div>\n                            <\/div>\n                        <\/div>\n                                                <div class=\"item\">\n                            <div class=\"left-box\" data-aos=\"fade-left\">\n                                                                    <img decoding=\"async\" src=\"https:\/\/prefna.com\/wp-content\/uploads\/2023\/08\/PrefInventory_background.webp\"\n                                         alt=\"\"\/>\n                                                            <\/div>\n                            <div class=\"right-box\" data-aos=\"fade-right\">\n                                <div class=\"logo-image\">\n                                                                            <img decoding=\"async\" src=\"https:\/\/prefna.com\/wp-content\/uploads\/2023\/08\/PrefInventory.webp\"\n                                             alt=\"\"\/>\n                                                                    <\/div>\n                                                                    <h4 class=\"title-h4\">Ihr Lagerhaus. <br> Unter Kontrolle.<\/h4>\n                                \n                                \n\n                                                                    <p>Inventurbuchungen vor Ort: Entgegennahme, Umlagerung, Buchung, Auslagerung.<\/p>\n<p>B\u00fcndeln Sie die Profile, wenn sie ankommen.<\/p>\n<p>Keine doppelte Dateneingabe &#8211; massive Fehlerreduzierung.<\/p>\n<p>Dynamische Lagerhaltung &#8211; lassen Sie die KI Standorte f\u00fcr Ihr Material zuweisen.<\/p>\n<p>Wegkostenreduzierung durch Ber\u00fccksichtigung der r\u00e4umlichen Lage von Material und Produktionsstart.<\/p>\n<p>FIFO, LIFO, Durchschnittspreisgestaltung.<\/p>\n                                \n                                                                    <a class=\"btn btn-2\" href=\"#1\"\n                                       target=\"_self\">Demo anfragen<\/a>\n                                \n                                <div class=\"wrapper-btn\">\n                                                                                                        <\/div>\n                            <\/div>\n                        <\/div>\n                                        <\/ul>\n                    <\/div>\n    <\/section>\n    <section class=\"coming-soon\">\n        <div class=\"inner-box\">\n            <div class=\"left-box item\">\n                <h4 class=\"title-h4\" data-aos=\"zoom-in\">kommt <br> bald&#8230;<\/h4>\n            <\/div>\n            <div class=\"right-box item\" data-aos=\"fade-right\">\n                                                            <div class=\"box\">\n                                                            <img decoding=\"async\" src=\"https:\/\/prefna.com\/wp-content\/uploads\/2023\/08\/Pref2Do.webp\"\n                                     alt=\"\"\/>\n                                                        <div class=\"text\">Gef\u00fchrte Anleitungen f\u00fcr Ihre <br> Installateure und Servicepersonal.<\/div>\n                        <\/div>\n                                            <div class=\"box\">\n                                                            <img decoding=\"async\" src=\"https:\/\/prefna.com\/wp-content\/uploads\/2023\/08\/PrefWork_LogoandName.webp\"\n                                     alt=\"\"\/>\n                                                        <div class=\"text\">Zeiterfassung f\u00fcr Arbeitspl\u00e4ne auf <br> in der Werkstatt.<\/div>\n                        <\/div>\n                                                <\/div>\n        <\/div>\n    <\/section>\n","protected":false},"excerpt":{"rendered":"","protected":false},"author":1,"featured_media":0,"parent":0,"menu_order":0,"comment_status":"closed","ping_status":"closed","template":"template-parts\/page-prefsuite-m.php","meta":{"_acf_changed":false,"footnotes":""},"class_list":["post-640","page","type-page","status-publish","hentry"],"acf":[],"_links":{"self":[{"href":"https:\/\/prefna.com\/de\/wp-json\/wp\/v2\/pages\/640"}],"collection":[{"href":"https:\/\/prefna.com\/de\/wp-json\/wp\/v2\/pages"}],"about":[{"href":"https:\/\/prefna.com\/de\/wp-json\/wp\/v2\/types\/page"}],"author":[{"embeddable":true,"href":"https:\/\/prefna.com\/de\/wp-json\/wp\/v2\/users\/1"}],"replies":[{"embeddable":true,"href":"https:\/\/prefna.com\/de\/wp-json\/wp\/v2\/comments?post=640"}],"version-history":[{"count":14,"href":"https:\/\/prefna.com\/de\/wp-json\/wp\/v2\/pages\/640\/revisions"}],"predecessor-version":[{"id":905,"href":"https:\/\/prefna.com\/de\/wp-json\/wp\/v2\/pages\/640\/revisions\/905"}],"wp:attachment":[{"href":"https:\/\/prefna.com\/de\/wp-json\/wp\/v2\/media?parent=640"}],"curies":[{"name":"wp","href":"https:\/\/api.w.org\/{rel}","templated":true}]}}