{"id":638,"date":"2023-08-14T09:08:17","date_gmt":"2023-08-14T09:08:17","guid":{"rendered":"https:\/\/prefna.com\/los-gehts\/"},"modified":"2023-09-14T14:33:57","modified_gmt":"2023-09-14T14:33:57","slug":"los-gehts","status":"publish","type":"page","link":"https:\/\/prefna.com\/de\/los-gehts\/","title":{"rendered":"Los geht&#8217;s"},"content":{"rendered":"    <section class=\"get-started\">\n        <div class=\"container\">\n            <h1 class=\"title-h1\">Fangen wir an!<\/h1>\n            <div class=\"sub-title\">Geben wir Ihrem Unternehmen das, was es f\u00fcr sein Wachstum braucht.<\/div>\n        <\/div>\n    <\/section>\n    <section class=\"form\">\n        <div class=\"container\">\n            <div class=\"wrapper-form\">\n                <div class=\"left-box\">\n                    <p>Damit wir Ihnen die Informationen geben k\u00f6nnen, die Sie ben\u00f6tigen und verdienen, f\u00fcllen Sie bitte den kleinen Fragebogen auf der rechten Seite aus. Wir werden uns gerne so schnell wie m\u00f6glich mit Ihnen in Verbindung setzen. Vielen Dank f\u00fcr Ihr Interesse an PrefERP!<\/p>\n                <\/div>\n                <div class=\"right-box\">\n                    \n<div class=\"wpcf7 no-js\" id=\"wpcf7-f450-o1\" lang=\"en-US\" dir=\"ltr\" data-wpcf7-id=\"450\">\n<div class=\"screen-reader-response\"><p role=\"status\" aria-live=\"polite\" aria-atomic=\"true\"><\/p> <ul><\/ul><\/div>\n<form action=\"\/de\/wp-json\/wp\/v2\/pages\/638#wpcf7-f450-o1\" method=\"post\" class=\"wpcf7-form init\" aria-label=\"Contact form\" novalidate=\"novalidate\" data-status=\"init\">\n<div style=\"display: none;\">\n<input type=\"hidden\" name=\"_wpcf7\" value=\"450\" \/>\n<input type=\"hidden\" name=\"_wpcf7_version\" value=\"6.0.6\" \/>\n<input type=\"hidden\" name=\"_wpcf7_locale\" value=\"en_US\" \/>\n<input type=\"hidden\" name=\"_wpcf7_unit_tag\" value=\"wpcf7-f450-o1\" \/>\n<input type=\"hidden\" name=\"_wpcf7_container_post\" value=\"0\" \/>\n<input type=\"hidden\" name=\"_wpcf7_posted_data_hash\" value=\"\" \/>\n<\/div>\n<div class=\"wrapper-item\">\n    <div class=\"item\">\n        <fieldset> <label>First Name<\/label>\n<span class=\"wpcf7-form-control-wrap\" data-name=\"text-firstname\"><input size=\"40\" maxlength=\"400\" class=\"wpcf7-form-control wpcf7-text\" aria-invalid=\"false\" value=\"\" type=\"text\" name=\"text-firstname\" \/><\/span>\n<\/fieldset>\n    <\/div>\n    <div class=\"item\">\n        <fieldset> <label>Last Name<\/label>\n<span class=\"wpcf7-form-control-wrap\" data-name=\"text-lastname\"><input size=\"40\" maxlength=\"400\" class=\"wpcf7-form-control wpcf7-text\" aria-invalid=\"false\" value=\"\" type=\"text\" name=\"text-lastname\" \/><\/span>\n\n<\/fieldset>\n    <\/div>\n    <div class=\"item\">\n        <fieldset> <label>Email *<\/label> \n<span class=\"wpcf7-form-control-wrap\" data-name=\"email-833\"><input size=\"40\" maxlength=\"400\" class=\"wpcf7-form-control wpcf7-email wpcf7-validates-as-required wpcf7-text wpcf7-validates-as-email\" aria-required=\"true\" aria-invalid=\"false\" value=\"\" type=\"email\" name=\"email-833\" \/><\/span>\n <\/fieldset>\n    <\/div>\n    <div class=\"item\">\n        <fieldset> <label>Company<\/label> \n<span class=\"wpcf7-form-control-wrap\" data-name=\"text-company\"><input size=\"40\" maxlength=\"400\" class=\"wpcf7-form-control wpcf7-text\" aria-invalid=\"false\" value=\"\" type=\"text\" name=\"text-company\" \/><\/span>\n<\/fieldset>\n    <\/div>\n    <div class=\"item\">\n        <fieldset> <label>Phone<\/label> \n<span class=\"wpcf7-form-control-wrap\" data-name=\"tel-526\"><input size=\"40\" maxlength=\"400\" class=\"wpcf7-form-control wpcf7-tel wpcf7-text wpcf7-validates-as-tel\" aria-invalid=\"false\" value=\"\" type=\"tel\" name=\"tel-526\" \/><\/span>\n<\/fieldset>\n    <\/div>\n    <div class=\"item\">\n        <fieldset> <label>Job Title<\/label> \n<span class=\"wpcf7-form-control-wrap\" data-name=\"text-jobtitle\"><input size=\"40\" maxlength=\"400\" class=\"wpcf7-form-control wpcf7-text\" aria-invalid=\"false\" value=\"\" type=\"text\" name=\"text-jobtitle\" \/><\/span>\n<\/fieldset>\n    <\/div> \n<input class=\"wpcf7-form-control wpcf7-submit has-spinner btn\" type=\"submit\" value=\"Submit\" \/>\n<\/div><div class=\"wpcf7-response-output\" aria-hidden=\"true\"><\/div>\n<\/form>\n<\/div>\n                <\/div>\n            <\/div>\n        <\/div>\n    <\/section>","protected":false},"excerpt":{"rendered":"","protected":false},"author":1,"featured_media":0,"parent":0,"menu_order":0,"comment_status":"closed","ping_status":"closed","template":"template-parts\/page-get-started.php","meta":{"_acf_changed":false,"footnotes":""},"class_list":["post-638","page","type-page","status-publish","hentry"],"acf":[],"_links":{"self":[{"href":"https:\/\/prefna.com\/de\/wp-json\/wp\/v2\/pages\/638"}],"collection":[{"href":"https:\/\/prefna.com\/de\/wp-json\/wp\/v2\/pages"}],"about":[{"href":"https:\/\/prefna.com\/de\/wp-json\/wp\/v2\/types\/page"}],"author":[{"embeddable":true,"href":"https:\/\/prefna.com\/de\/wp-json\/wp\/v2\/users\/1"}],"replies":[{"embeddable":true,"href":"https:\/\/prefna.com\/de\/wp-json\/wp\/v2\/comments?post=638"}],"version-history":[{"count":1,"href":"https:\/\/prefna.com\/de\/wp-json\/wp\/v2\/pages\/638\/revisions"}],"predecessor-version":[{"id":639,"href":"https:\/\/prefna.com\/de\/wp-json\/wp\/v2\/pages\/638\/revisions\/639"}],"wp:attachment":[{"href":"https:\/\/prefna.com\/de\/wp-json\/wp\/v2\/media?parent=638"}],"curies":[{"name":"wp","href":"https:\/\/api.w.org\/{rel}","templated":true}]}}