{"id":636,"date":"2023-08-14T09:07:17","date_gmt":"2023-08-14T09:07:17","guid":{"rendered":"https:\/\/prefna.com\/elo\/"},"modified":"2023-09-15T13:59:09","modified_gmt":"2023-09-15T13:59:09","slug":"elo","status":"publish","type":"page","link":"https:\/\/prefna.com\/de\/elo\/","title":{"rendered":"ELO"},"content":{"rendered":"    <section class=\"hero-small hero-small-4 hero-small-5\">\n        <div class=\"inner-box\">\n            <div class=\"left-image\">\n                                    <img decoding=\"async\" src=\"https:\/\/prefna.com\/wp-content\/uploads\/2023\/08\/hero-5.webp\" alt=\"\"\/>\n                            <\/div>\n            <div class=\"right-image\">\n                                    <img decoding=\"async\" src=\"https:\/\/prefna.com\/wp-content\/uploads\/2023\/08\/hero-6.webp\" alt=\"\"\/>\n                            <\/div>\n        <\/div>\n        <div class=\"wrapper-h3\">\n            <h3 class=\"title-h3\">Digitalisierung Schlag auf Schlag. Das Herzst\u00fcck Ihres Unternehmens.<\/h3>\n        <\/div>\n    <\/section>\n\n\n    <section class=\"youtube youtube-2\">\n        <div class=\"container\">\n            <iframe loading=\"lazy\" width=\"560\" height=\"315\" src=\"https:\/\/www.youtube.com\/embed\/75rR4NmFQ90\"\n                    title=\"YouTube video player\"\n                    frameborder=\"0\"\n                    allow=\"accelerometer; autoplay; clipboard-write; encrypted-media; gyroscope; picture-in-picture; web-share\"\n                    allowfullscreen><\/iframe>\n        <\/div>\n    <\/section>\n\n\n    <section class=\"what-ecm\">\n        <div class=\"inner-box\">\n            <div class=\"left-box\">\n                                    <img decoding=\"async\" src=\"https:\/\/prefna.com\/wp-content\/uploads\/2023\/08\/ecm-img.webp\" class=\"animated-image\"\n                         alt=\"\"\/>\n                            <\/div>\n            <div class=\"right-box\">\n                <h3 class=\"title-h3\">Was ist ECM?<\/h3>\n                <div class=\"wrapper-text\" data-aos=\"fade-left\">\n                    <p>ECM ist viel mehr als nur die digitale Archivierung von Dokumenten:<\/p>\n<p>Beim Enterprise Content Management (ECM) geht es um die Arbeit mit &#8222;lebenden&#8220; Dokumenten in einem System, welches es den Anwendern erm\u00f6glicht, alle gespeicherten Dokumente, Daten und Informationen \u00fcber Suchfunktionen abzurufen, sie mit Workflows zu verkn\u00fcpfen und Prozesse zu automatisieren&#8230;<\/p>\n<p>Ein ECM-System ist das Herzst\u00fcck der IT-Landschaft eines Unternehmens. Es kommuniziert mit allen Systemen, bildet abteilungs\u00fcbergreifend digitalisierte Arbeitsabl\u00e4ufe ab und bietet eine breite Palette technischer Erweiterungen f\u00fcr unterschiedliche Anwendungen.<\/p>\n<p>ECM steht f\u00fcr umfassendes, intelligentes Informationsmanagement.<\/p>\n                <\/div>\n            <\/div>\n        <\/div>\n    <\/section>\n\n\n    <section class=\"section-info-icon\">\n        <div class=\"container\">\n                            <div class=\"inner-box\">\n                                            <div class=\"item\" data-aos=\"fade-in\">\n                            <div class=\"image\">\n                                                                    <img decoding=\"async\" src=\"https:\/\/prefna.com\/wp-content\/uploads\/2023\/08\/archiving.webp\"\n                                         alt=\"\"\/>\n                                                            <\/div>\n                            <h5 class=\"title-h5\">Archivierung<\/h5>\n                        <\/div>\n                                            <div class=\"item\" data-aos=\"fade-in\">\n                            <div class=\"image\">\n                                                                    <img decoding=\"async\" src=\"https:\/\/prefna.com\/wp-content\/uploads\/2023\/08\/ELO_data-security.webp\"\n                                         alt=\"\"\/>\n                                                            <\/div>\n                            <h5 class=\"title-h5\">Daten <br> Sicherheit<\/h5>\n                        <\/div>\n                                            <div class=\"item\" data-aos=\"fade-in\">\n                            <div class=\"image\">\n                                                                    <img decoding=\"async\" src=\"https:\/\/prefna.com\/wp-content\/uploads\/2023\/08\/ELO_work-with-documents.webp\"\n                                         alt=\"\"\/>\n                                                            <\/div>\n                            <h5 class=\"title-h5\">Arbeite mit <br> Dokumenten<\/h5>\n                        <\/div>\n                                            <div class=\"item\" data-aos=\"fade-in\">\n                            <div class=\"image\">\n                                                                    <img decoding=\"async\" src=\"https:\/\/prefna.com\/wp-content\/uploads\/2023\/08\/ELO_integration.webp\"\n                                         alt=\"\"\/>\n                                                            <\/div>\n                            <h5 class=\"title-h5\">Integration<\/h5>\n                        <\/div>\n                                            <div class=\"item\" data-aos=\"fade-in\">\n                            <div class=\"image\">\n                                                                    <img decoding=\"async\" src=\"https:\/\/prefna.com\/wp-content\/uploads\/2023\/08\/ELO_Search.webp\"\n                                         alt=\"\"\/>\n                                                            <\/div>\n                            <h5 class=\"title-h5\">Suche<\/h5>\n                        <\/div>\n                                            <div class=\"item\" data-aos=\"fade-in\">\n                            <div class=\"image\">\n                                                                    <img decoding=\"async\" src=\"https:\/\/prefna.com\/wp-content\/uploads\/2023\/08\/ELO_workflow.webp\"\n                                         alt=\"\"\/>\n                                                            <\/div>\n                            <h5 class=\"title-h5\">Arbeitsabl\u00e4ufe<\/h5>\n                        <\/div>\n                                            <div class=\"item\" data-aos=\"fade-in\">\n                            <div class=\"image\">\n                                                                    <img decoding=\"async\" src=\"https:\/\/prefna.com\/wp-content\/uploads\/2023\/08\/ELO_collaboration.webp\"\n                                         alt=\"\"\/>\n                                                            <\/div>\n                            <h5 class=\"title-h5\">Kolla- <br> boration<\/h5>\n                        <\/div>\n                                            <div class=\"item\" data-aos=\"fade-in\">\n                            <div class=\"image\">\n                                                                    <img decoding=\"async\" src=\"https:\/\/prefna.com\/wp-content\/uploads\/2023\/08\/ELO_analysis.webp\"\n                                         alt=\"\"\/>\n                                                            <\/div>\n                            <h5 class=\"title-h5\">Analyse<\/h5>\n                        <\/div>\n                                            <div class=\"item\" data-aos=\"fade-in\">\n                            <div class=\"image\">\n                                                                    <img decoding=\"async\" src=\"https:\/\/prefna.com\/wp-content\/uploads\/2023\/08\/ELO_Mobility.webp\"\n                                         alt=\"\"\/>\n                                                            <\/div>\n                            <h5 class=\"title-h5\">Mobilit\u00e4t<\/h5>\n                        <\/div>\n                                    <\/div>\n                    <\/div>\n    <\/section>\n\n\n    <section class=\"section-video-text\">\n        <div class=\"container\">\n            <div class=\"inner-box\">\n                <div class=\"left-box\" data-aos=\"fade-right\">\n                    <iframe loading=\"lazy\" width=\"560\" height=\"315\" src=\"https:\/\/www.youtube.com\/embed\/qyXb7Vz2TBE\"\n                            title=\"YouTube video player\"\n                            frameborder=\"0\"\n                            allow=\"accelerometer; autoplay; clipboard-write; encrypted-media; gyroscope; picture-in-picture; web-share\"\n                            allowfullscreen><\/iframe>\n                <\/div>\n                <div class=\"right-box\" data-aos=\"fade-left\"><p>Mit unserer leistungsstarken ECM-Software kann Ihr Unternehmen im Handumdrehen digital werden. Die ELO ECM Suite ist das Herzst\u00fcck des ELO-Portfolios und das Herzst\u00fcck Ihres Digitalisierungskonzepts. Sie automatisiert Ihre Gesch\u00e4ftsprozesse, spart Ihnen wertvolle Zeit und revolutioniert die Zusammenarbeit.<\/p>\n<p>Die Unternehmen l\u00f6sen sich von papiergest\u00fctzten Prozessen, von der Arbeit an einem einzigen Standort und von langsamen Kommunikationsstrukturen. Ob kleine oder mittelst\u00e4ndische Unternehmen, Konzerne oder die \u00f6ffentliche Hand &#8211; ELO-Software kennt keine Grenzen, wird in allen Branchen eingesetzt und passt sich Ihren individuellen Bed\u00fcrfnissen an.<\/p>\n<p>Unsere All-in-One-L\u00f6sung zeigt Ihnen, wie einfach die Digitalisierung ist!<\/p>\n<\/div>\n            <\/div>\n        <\/div>\n    <\/section>\n\n\n    <section class=\"benefits-ecm\">\n        <div class=\"inner-box\">\n            <div class=\"left-box\" data-aos=\"fade-right\">\n                <h3 class=\"title-h3\">Vorteile von ecm<\/h3>\n                <ul>\n<li>Alle Dokumente an zentraler Stelle abgelegt<\/li>\n<li>Optimierte Integration mit Microsoft Office<\/li>\n<li>Eine breite Palette von Instrumenten f\u00fcr effektive Teamarbeit<\/li>\n<li>Verschl\u00fcsselte Informationen und Berechtigungssystem<\/li>\n<li>Leistungsstarke Suchfunktionen<\/li>\n<li>Schnelle Datenanalyse<\/li>\n<li>Transparente Arbeitsabl\u00e4ufe<\/li>\n<li>Automatische digitale Steuerung von Prozessen<\/li>\n<li>Mobiler Zugriff zu jeder Zeit und von jedem Ort aus<\/li>\n<\/ul>\n            <\/div>\n            <div class=\"right-box\">\n                <div class=\"image\">\n                                            <img decoding=\"async\" src=\"https:\/\/prefna.com\/wp-content\/uploads\/2023\/08\/benefits-ecm-img.webp\" class=\"animated-image\"\n                             alt=\"\"\/>\n                                    <\/div>\n            <\/div>\n        <\/div>\n    <\/section>\n\n\n    <section class=\"interested interested-2 interested-3\">\n        <div class=\"container\">\n            <div class=\"wrapper-text\">\n                <h4 class=\"title-h4\">Interessiert?<\/h4>\n                <a href=\"mailto:welcome@prefna.com\"\n                   class=\"btn btn-6\">Ja!<\/a>\n            <\/div>\n        <\/div>\n    <\/section>\n","protected":false},"excerpt":{"rendered":"","protected":false},"author":1,"featured_media":0,"parent":0,"menu_order":0,"comment_status":"closed","ping_status":"closed","template":"template-parts\/page-elo.php","meta":{"_acf_changed":false,"footnotes":""},"class_list":["post-636","page","type-page","status-publish","hentry"],"acf":[],"_links":{"self":[{"href":"https:\/\/prefna.com\/de\/wp-json\/wp\/v2\/pages\/636"}],"collection":[{"href":"https:\/\/prefna.com\/de\/wp-json\/wp\/v2\/pages"}],"about":[{"href":"https:\/\/prefna.com\/de\/wp-json\/wp\/v2\/types\/page"}],"author":[{"embeddable":true,"href":"https:\/\/prefna.com\/de\/wp-json\/wp\/v2\/users\/1"}],"replies":[{"embeddable":true,"href":"https:\/\/prefna.com\/de\/wp-json\/wp\/v2\/comments?post=636"}],"version-history":[{"count":4,"href":"https:\/\/prefna.com\/de\/wp-json\/wp\/v2\/pages\/636\/revisions"}],"predecessor-version":[{"id":653,"href":"https:\/\/prefna.com\/de\/wp-json\/wp\/v2\/pages\/636\/revisions\/653"}],"wp:attachment":[{"href":"https:\/\/prefna.com\/de\/wp-json\/wp\/v2\/media?parent=636"}],"curies":[{"name":"wp","href":"https:\/\/api.w.org\/{rel}","templated":true}]}}