{"id":632,"date":"2023-08-14T09:07:30","date_gmt":"2023-08-14T09:07:30","guid":{"rendered":"https:\/\/prefna.com\/ueber-uns\/"},"modified":"2024-03-19T22:33:34","modified_gmt":"2024-03-19T22:33:34","slug":"ueber-uns","status":"publish","type":"page","link":"https:\/\/prefna.com\/de\/ueber-uns\/","title":{"rendered":"\u00dcber uns"},"content":{"rendered":"    <section class=\"hero-small hero-small-2 hero-small-6\">\n        <div class=\"inner-box\">\n            <div class=\"left-image\">\n                                    <img decoding=\"async\" src=\"https:\/\/prefna.com\/wp-content\/uploads\/2023\/08\/hero-7.webp\" alt=\"\"\/>\n                            <\/div>\n            <div class=\"center-image\">\n                                    <img decoding=\"async\" src=\"https:\/\/prefna.com\/wp-content\/uploads\/2023\/08\/prefco_prefna_white.webp\" alt=\"\"\/>\n                            <\/div>\n            <div class=\"right-image\">\n                                    <img decoding=\"async\" src=\"https:\/\/prefna.com\/wp-content\/uploads\/2023\/08\/hero-8.webp\" alt=\"\"\/>\n                            <\/div>\n        <\/div>\n    <\/section>\n\n\n    <section class=\"proud-member\">\n        <div class=\"container\">\n            <h2 class=\"title-h2\">Stolzes Mitglied von<\/h2>\n            <div class=\"wrapper-image\">\n                <div class=\"item\">\n                                            <img decoding=\"async\" src=\"https:\/\/prefna.com\/wp-content\/uploads\/2023\/08\/NGA.webp\"\n                             alt=\"\"\/>\n                                    <\/div>\n                <div class=\"item\">\n                                            <img decoding=\"async\" src=\"https:\/\/prefna.com\/wp-content\/uploads\/2023\/08\/Fenenstration-Canada.webp\"\n                             alt=\"\"\/>\n                                    <\/div>\n            <\/div>\n            <div class=\"wrapper-text\">\n                <h3 class=\"title-h3\">Das sind wir<\/h3>\n                <p>Preference North America und PrefCo GmbH sind Softwareunternehmen, die sich auf die Entwicklung, den Vertrieb und den Support von PrefERP &#8211; dem umfassendsten Softwarepaket der Branche &#8211; spezialisiert haben. Wir erstellen individuelle Software und bieten Beratungsleistungen auf der Grundlage von 25 Jahren Erfahrung. Unser Hauptbet\u00e4tigungsfeld ist die Fensterindustrie, aber unsere j\u00fcngsten Erg\u00e4nzungen (PrefCRM und ELO ECM) haben weitere M\u00e4rkte erschlossen und unser Gesch\u00e4ft vielseitig gemacht.<\/p>\n<p>PrefNA wurde im Jahr 2002 gegr\u00fcndet. PrefCo wurde 1999 gegr\u00fcndet. Im Jahr 2018 wurde Preference North America von der PrefCo GmbH \u00fcbernommen. Dieser Umzug hat uns st\u00e4rker gemacht als je zuvor, da wir nun von den Entwicklungen auf beiden Seiten des Atlantiks profitieren k\u00f6nnen &#8211; sowie auch unsere Kunden.<\/p>\n            <\/div>\n\n                            <div class=\"wrapper-people\" data-aos=\"fade-up\">\n                                            <div class=\"item\">\n                            <div class=\"image\">\n                                                                    <img decoding=\"async\" src=\"https:\/\/prefna.com\/wp-content\/uploads\/2023\/08\/MicrosoftTeams-image-36.webp\"\n                                         alt=\"\"\/>\n                                                            <\/div>\n                            <div class=\"wrapper-name\">\n                                <div class=\"name\">Jan Heinze, Dipl.-Ing.<\/div>\n                                <div class=\"position\">Eigent\u00fcmer<\/div>\n                            <\/div>\n                        <\/div>\n                                            <div class=\"item\">\n                            <div class=\"image\">\n                                                                    <img decoding=\"async\" src=\"https:\/\/prefna.com\/wp-content\/uploads\/2023\/08\/MicrosoftTeams-image-41.webp\"\n                                         alt=\"\"\/>\n                                                            <\/div>\n                            <div class=\"wrapper-name\">\n                                <div class=\"name\">Andrea Heinze<\/div>\n                                <div class=\"position\">Verwaltung Europa<\/div>\n                            <\/div>\n                        <\/div>\n                                            <div class=\"item\">\n                            <div class=\"image\">\n                                                                    <img decoding=\"async\" src=\"https:\/\/prefna.com\/wp-content\/uploads\/2023\/08\/MicrosoftTeams-image-37.webp\"\n                                         alt=\"\"\/>\n                                                            <\/div>\n                            <div class=\"wrapper-name\">\n                                <div class=\"name\">Ben Heinze, M.Sc.<\/div>\n                                <div class=\"position\">Gesch\u00e4ftsf\u00fchrender Direktor<\/div>\n                            <\/div>\n                        <\/div>\n                                    <\/div>\n                    <\/div>\n    <\/section>\n\n\n    <section class=\"our-team\">\n        <div class=\"container\">\n            <div class=\"wrapper-text\">\n                <h3 class=\"title-h3\">Unser Team: Mehr als Familie.<\/h3>\n                <p><p>PrefNA | PrefCo ist ein familiengef\u00fchrtes Unternehmen, das in zweiter Generation gef\u00fchrt wird. Unser Team besteht aus einer erweiterten Familie, einschlie\u00dflich Familienmitgliedern und engen Freunden, die die gleiche Leidenschaft und den gleichen Enthusiasmus f\u00fcr neue L\u00f6sungen f\u00fcr die Probleme der Branche sowie eine freundschaftliche Beziehung zwischen uns und unseren Kunden teilen.<\/p>\n<\/p>\n            <\/div>\n        <\/div>\n        <div class=\"big-image\">\n                            <img decoding=\"async\" src=\"https:\/\/prefna.com\/wp-content\/uploads\/2023\/08\/about-image.webp\" alt=\"\"\/>\n                    <\/div>\n    <\/section>\n\n\n        <section class=\"news-social\">\n        <div class=\"container\">\n            <h3 class=\"title-h3\">Nachrichten &amp; Soziales<\/h3>\n            <p>F\u00fcr weitere Neuigkeiten und Einblicke folgen Sie uns auf den sozialen Medien<\/p>\n            <ul class=\"social\">\n                <li>\n                    <a href=\"https:\/\/www.youtube.com\/channel\/UC96sF7eY4oOAXSrM1tNaUhA\" target=\"_blank\">\n                        <img decoding=\"async\" src=\"https:\/\/prefna.com\/wp-content\/themes\/prefco\/assets\/\/img\/yt-about.webp\" alt=\"\">\n                    <\/a>\n                <\/li>\n                <li>\n                    <a href=\"https:\/\/de.linkedin.com\/company\/prefco-gmbh\" target=\"_blank\">\n                        <img decoding=\"async\" src=\"https:\/\/prefna.com\/wp-content\/themes\/prefco\/assets\/\/img\/in-about.webp\" alt=\"\">\n                    <\/a>\n                <\/li>\n                <li>\n                    <a href=\"https:\/\/www.instagram.com\/prefna.prefco\/\" target=\"_blank\">\n                        <img decoding=\"async\" src=\"https:\/\/prefna.com\/wp-content\/themes\/prefco\/assets\/\/img\/instagram-about.webp\" alt=\"\">\n                    <\/a>\n                <\/li>\n                <li>\n                    <a href=\"https:\/\/twitter.com\/prefco_prefna\" target=\"_blank\">\n                        <img decoding=\"async\" src=\"https:\/\/prefna.com\/wp-content\/themes\/prefco\/assets\/\/img\/tw-about.webp\" alt=\"\">\n                    <\/a>\n                <\/li>\n            <\/ul>\n        <\/div>\n    <\/section>\n","protected":false},"excerpt":{"rendered":"","protected":false},"author":1,"featured_media":0,"parent":0,"menu_order":0,"comment_status":"closed","ping_status":"closed","template":"template-parts\/page-about.php","meta":{"_acf_changed":false,"footnotes":""},"class_list":["post-632","page","type-page","status-publish","hentry"],"acf":[],"_links":{"self":[{"href":"https:\/\/prefna.com\/de\/wp-json\/wp\/v2\/pages\/632"}],"collection":[{"href":"https:\/\/prefna.com\/de\/wp-json\/wp\/v2\/pages"}],"about":[{"href":"https:\/\/prefna.com\/de\/wp-json\/wp\/v2\/types\/page"}],"author":[{"embeddable":true,"href":"https:\/\/prefna.com\/de\/wp-json\/wp\/v2\/users\/1"}],"replies":[{"embeddable":true,"href":"https:\/\/prefna.com\/de\/wp-json\/wp\/v2\/comments?post=632"}],"version-history":[{"count":8,"href":"https:\/\/prefna.com\/de\/wp-json\/wp\/v2\/pages\/632\/revisions"}],"predecessor-version":[{"id":923,"href":"https:\/\/prefna.com\/de\/wp-json\/wp\/v2\/pages\/632\/revisions\/923"}],"wp:attachment":[{"href":"https:\/\/prefna.com\/de\/wp-json\/wp\/v2\/media?parent=632"}],"curies":[{"name":"wp","href":"https:\/\/api.w.org\/{rel}","templated":true}]}}