{"id":605,"date":"2023-08-14T09:05:32","date_gmt":"2023-08-14T09:05:32","guid":{"rendered":"https:\/\/prefna.com\/prefsuite\/"},"modified":"2024-01-31T17:03:41","modified_gmt":"2024-01-31T17:03:41","slug":"prefsuite","status":"publish","type":"page","link":"https:\/\/prefna.com\/de\/prefsuite\/","title":{"rendered":"PrefSuite"},"content":{"rendered":"        <section class=\"hero-small\" style=\"background-image: url('https:\/\/prefna.com\/wp-content\/themes\/prefco\/assets\/\/img\/hero-prefsuite-bg.webp')\">\n        <div class=\"container\">\n            <div class=\"image\">\n                                    <img decoding=\"async\" src=\"https:\/\/prefna.com\/wp-content\/uploads\/2023\/08\/PrefSuite_orange_Fenestration_software_e.webp\" alt=\"\"\/>\n                            <\/div>\n        <\/div>\n    <\/section>\n    <section class=\"icon-prefsuite\">\n        <div class=\"container\">\n                            <div class=\"inner-box\">\n                                            <div class=\"item\">\n                            <div class=\"icon\">\n                                                                    <img decoding=\"async\" src=\"https:\/\/prefna.com\/wp-content\/uploads\/2023\/08\/Intuitive.webp\"\n                                         alt=\"\"\/>\n                                                            <\/div>\n                            <div class=\"text\">Angebots- &amp; <br> Auftragswesen<\/div>\n                        <\/div>\n                                            <div class=\"item\">\n                            <div class=\"icon\">\n                                                                    <img decoding=\"async\" src=\"https:\/\/prefna.com\/wp-content\/uploads\/2023\/08\/InventoryManagement.webp\"\n                                         alt=\"\"\/>\n                                                            <\/div>\n                            <div class=\"text\">Beschaffung &amp;  <br>  Bestandsmanagement<\/div>\n                        <\/div>\n                                            <div class=\"item\">\n                            <div class=\"icon\">\n                                                                    <img decoding=\"async\" src=\"https:\/\/prefna.com\/wp-content\/uploads\/2023\/08\/Production-Scheduling.webp\"\n                                         alt=\"\"\/>\n                                                            <\/div>\n                            <div class=\"text\">Produktionsplanung &amp;  <br>  Shopfloor-Integration<\/div>\n                        <\/div>\n                                            <div class=\"item\">\n                            <div class=\"icon\">\n                                                                    <img decoding=\"async\" src=\"https:\/\/prefna.com\/wp-content\/uploads\/2023\/08\/Shipping.webp\"\n                                         alt=\"\"\/>\n                                                            <\/div>\n                            <div class=\"text\">Versand &amp;  <br> Aftersales<\/div>\n                        <\/div>\n                                            <div class=\"item\">\n                            <div class=\"icon\">\n                                                                    <img decoding=\"async\" src=\"https:\/\/prefna.com\/wp-content\/uploads\/2023\/08\/Invoicing.webp\"\n                                         alt=\"\"\/>\n                                                            <\/div>\n                            <div class=\"text\">Rechnungsstellung &amp;  <br>  Sammlung<\/div>\n                        <\/div>\n                                    <\/div>\n                    <\/div>\n    <\/section>\n    <section class=\"prefsuite-video\">\n        <video muted autoplay src=\"https:\/\/prefna.com\/wp-content\/uploads\/2023\/08\/prefsuite-video.mp4\"><\/video>\n    <\/section>\n    <section class=\"residential-commercial\">\n        <div class=\"wrapper-box\">\n            <div class=\"item\">\n                <div class=\"image\">\n                                            <img decoding=\"async\" src=\"https:\/\/prefna.com\/wp-content\/uploads\/2023\/08\/residential-commercial-1.webp\"\n                             alt=\"\"\/>\n                                    <\/div>\n            <\/div>\n\n                                                <div class=\"item\">\n                        <h3 class=\"title-h3\">Wohnen<\/h3>\n                        <p>PrefSuite ist ein erstklassiges Fertigungssoftwarepaket, das den Prozess des Entwurfs, der Fertigung und des Einbaus von Fenstern und T\u00fcren f\u00fcr Wohngeb\u00e4ude vereinfacht. Unsere Technologie modernisiert ihre Prozesse und bietet Ihnen einfache und effiziente Wege, die Arbeit zu erledigen.<\/p>\n                        <div class=\"small-image\">\n                                                            <img decoding=\"async\" src=\"https:\/\/prefna.com\/wp-content\/uploads\/2023\/08\/Residential.webp\"\n                                     alt=\"\"\/>\n                                                    <\/div>\n                    <\/div>\n                                    <div class=\"item\">\n                        <h3 class=\"title-h3\">Kommerziell<\/h3>\n                        <p>PrefSuite bietet auch das Beste f\u00fcr kommerzielle T\u00fcren, Fassaden, Schaufenster und Fensterwandprojekte. Mit unserer Software k\u00f6nnen Sie alle Ihre Projekte von Anfang bis Ende einfach verwalten. Wir laden Sie ein, mehr \u00fcber die erstaunlichen Projekte zu erfahren, die von PrefSuite unterst\u00fctzt werden.<\/p>\n                        <div class=\"small-image\">\n                                                            <img decoding=\"async\" src=\"https:\/\/prefna.com\/wp-content\/uploads\/2023\/08\/Commercial.webp\"\n                                     alt=\"\"\/>\n                                                    <\/div>\n                    <\/div>\n                            \n            <div class=\"item\">\n                <div class=\"image\">\n                                            <img decoding=\"async\" src=\"https:\/\/prefna.com\/wp-content\/uploads\/2023\/08\/residential-commercial-2.webp\"\n                             alt=\"\"\/>\n                                    <\/div>\n            <\/div>\n        <\/div>\n    <\/section>\n    <section class=\"icon-prefsuite\">\n        <div class=\"container\">\n                            <div class=\"inner-box\">\n                                            <div class=\"item\">\n                            <div class=\"icon\">\n                                                                    <img decoding=\"async\" src=\"https:\/\/prefna.com\/wp-content\/uploads\/2023\/08\/Windows.webp\"\n                                         alt=\"\"\/>\n                                                            <\/div>\n                            <div class=\"text\">Fenster<\/div>\n                        <\/div>\n                                            <div class=\"item\">\n                            <div class=\"icon\">\n                                                                    <img decoding=\"async\" src=\"https:\/\/prefna.com\/wp-content\/uploads\/2023\/08\/Doors.webp\"\n                                         alt=\"\"\/>\n                                                            <\/div>\n                            <div class=\"text\">T\u00fcren<\/div>\n                        <\/div>\n                                            <div class=\"item\">\n                            <div class=\"icon\">\n                                                                    <img decoding=\"async\" src=\"https:\/\/prefna.com\/wp-content\/uploads\/2023\/08\/Curtain-Walls.webp\"\n                                         alt=\"\"\/>\n                                                            <\/div>\n                            <div class=\"text\">Fassaden<\/div>\n                        <\/div>\n                                            <div class=\"item\">\n                            <div class=\"icon\">\n                                                                    <img decoding=\"async\" src=\"https:\/\/prefna.com\/wp-content\/uploads\/2023\/08\/Storefronts.webp\"\n                                         alt=\"\"\/>\n                                                            <\/div>\n                            <div class=\"text\">Schaufenster<\/div>\n                        <\/div>\n                                            <div class=\"item\">\n                            <div class=\"icon\">\n                                                                    <img decoding=\"async\" src=\"https:\/\/prefna.com\/wp-content\/uploads\/2023\/08\/Window-Walls.webp\"\n                                         alt=\"\"\/>\n                                                            <\/div>\n                            <div class=\"text\">Fensterw\u00e4nde<\/div>\n                        <\/div>\n                                    <\/div>\n                    <\/div>\n    <\/section>\n    <section class=\"full-freedom\">\n        <div class=\"container\">\n            <h3 class=\"title-h3\">Volle Freiheit f\u00fcr Materialien<\/h3>\n            <p>Das revolution\u00e4re Softwaredesign von PrefSuite hilft Ihnen, alle Ihre Materialien mit einem einzigen Klick zu bearbeiten. Egal, ob Sie mit Holz, Metall, Vinyl oder einer Mischung aus all diesen Materialien arbeiten, PrefSuite rationalisiert den Prozess und spart Ihnen Zeit und Geld. Unsere Software wurde entwickelt, um die Produktivit\u00e4t und Effizienz sowohl f\u00fcr Profis als auch f\u00fcr Alltagsbenutzer zu maximieren. Mit PrefSuite k\u00f6nnen Sie Projekte einfach verwalten, detaillierte Berichte erstellen und Ihre Projekte an Ihre speziellen Bed\u00fcrfnisse anpassen. Wir laden Sie ein, die Leistungsf\u00e4higkeit von PrefSuite zu erleben und noch heute mit der Verwaltung Ihrer Materialien zu beginnen.<\/p>\n            <div class=\"wrapper-icon\">\n                <div class=\"item\">\n                                            <img decoding=\"async\" src=\"https:\/\/prefna.com\/wp-content\/uploads\/2023\/08\/Vinyl.webp\"\n                             alt=\"\"\/>\n                                    <\/div>\n                <div class=\"item\">\n                                            <img decoding=\"async\" src=\"https:\/\/prefna.com\/wp-content\/uploads\/2023\/08\/Metal.webp\"\n                             alt=\"\"\/>\n                                    <\/div>\n                <div class=\"item\">\n                                            <img decoding=\"async\" src=\"https:\/\/prefna.com\/wp-content\/uploads\/2023\/08\/Wood.webp\"\n                             alt=\"\"\/>\n                                    <\/div>\n            <\/div>\n        <\/div>\n    <\/section>\n    <section class=\"video-yt\">\n        <div class=\"container\">\n            <iframe loading=\"lazy\" width=\"560\" height=\"315\" src=\"https:\/\/www.youtube.com\/embed\/U7Glp62m6aY\"\n                    title=\"YouTube video player\"\n                    frameborder=\"0\"\n                    allow=\"accelerometer; autoplay; clipboard-write; encrypted-media; gyroscope; picture-in-picture; web-share\"\n                    allowfullscreen><\/iframe>\n        <\/div>\n    <\/section>\n    <section class=\"interested\">\n        <div class=\"container\">\n            <div class=\"wrapper-text\">\n                <h4 class=\"title-h4\">Interessiert?<\/h4>\n                <a href=\"mailto:welcome@prefco.de\" class=\"btn btn-5\">Ja!<\/a>\n            <\/div>\n        <\/div>\n    <\/section>\n","protected":false},"excerpt":{"rendered":"","protected":false},"author":1,"featured_media":0,"parent":0,"menu_order":0,"comment_status":"closed","ping_status":"closed","template":"template-parts\/page-prefsuite.php","meta":{"_acf_changed":false,"footnotes":""},"class_list":["post-605","page","type-page","status-publish","hentry"],"acf":[],"_links":{"self":[{"href":"https:\/\/prefna.com\/de\/wp-json\/wp\/v2\/pages\/605"}],"collection":[{"href":"https:\/\/prefna.com\/de\/wp-json\/wp\/v2\/pages"}],"about":[{"href":"https:\/\/prefna.com\/de\/wp-json\/wp\/v2\/types\/page"}],"author":[{"embeddable":true,"href":"https:\/\/prefna.com\/de\/wp-json\/wp\/v2\/users\/1"}],"replies":[{"embeddable":true,"href":"https:\/\/prefna.com\/de\/wp-json\/wp\/v2\/comments?post=605"}],"version-history":[{"count":10,"href":"https:\/\/prefna.com\/de\/wp-json\/wp\/v2\/pages\/605\/revisions"}],"predecessor-version":[{"id":894,"href":"https:\/\/prefna.com\/de\/wp-json\/wp\/v2\/pages\/605\/revisions\/894"}],"wp:attachment":[{"href":"https:\/\/prefna.com\/de\/wp-json\/wp\/v2\/media?parent=605"}],"curies":[{"name":"wp","href":"https:\/\/api.w.org\/{rel}","templated":true}]}}