{"id":587,"date":"2023-08-14T09:05:12","date_gmt":"2023-08-14T09:05:12","guid":{"rendered":"https:\/\/prefna.com\/hauptseite\/"},"modified":"2024-01-31T11:23:52","modified_gmt":"2024-01-31T11:23:52","slug":"hauptseite","status":"publish","type":"page","link":"https:\/\/prefna.com\/de\/","title":{"rendered":"Hauptseite"},"content":{"rendered":"        <section class=\"hero\">\n        <div class=\"container\">\n            <div class=\"image-top\">\n                                    <img decoding=\"async\" src=\"https:\/\/prefna.com\/wp-content\/uploads\/2023\/08\/image-top.webp\" alt=\"\"\/>\n                            <\/div>\n\n                            <h1 class=\"title-h1\">ERP-Software f\u00fcr Hersteller Fenster-, T\u00fcr- und Fassadenprodukten.<\/h1>\n            \n                            <div class=\"hashtag\">#gobeyond<\/div>\n            \n            <div class=\"wrapper-arrow\">\n                                    <img decoding=\"async\" src=\"https:\/\/prefna.com\/wp-content\/themes\/prefco\/assets\/img\/arrow-down.svg\" alt=\"\">\n                    <img decoding=\"async\" src=\"https:\/\/prefna.com\/wp-content\/themes\/prefco\/assets\/img\/arrow-down.svg\" alt=\"\">\n                            <\/div>\n        <\/div>\n    <\/section>\n        <section class=\"arrow-down\">\n        <img decoding=\"async\" src=\"https:\/\/prefna.com\/wp-content\/themes\/prefco\/assets\/img\/arrow-down.svg\" alt=\"\">\n    <\/section>\n    <section class=\"snow\">\n        <div class=\"content-box\">\n            <div class=\"image\">\n                                    <img decoding=\"async\" src=\"https:\/\/prefna.com\/wp-content\/uploads\/2023\/08\/image-top.webp\" alt=\"\"\/>\n                            <\/div>\n\n            <h2 class=\"title-h2\">Alles kommt zusammen<\/h2>\n\n                            <div class=\"wrapper-hexagon\">\n                                            <div class=\"hexagon hexagon-1\"\n                             data-aos=\"fade-right\">\n                            <div class=\"inner-box\">\n\t\t\t\t\t\t\t\t\t\t\t<div class=\"image\">\n\t\t\t\t\t\t   \t\t\t\t\t\t   <a href=\"https:\/\/prefna.com\/prefsuite-m\/\" target=\"_self\">\n\t\t\t\t\t\t\t   \t\t\t\t\t\t\t   <img decoding=\"async\" src=\"https:\/\/prefna.com\/wp-content\/uploads\/2023\/08\/PrefSuite_M.webp\" alt=\"\" \/>\n\t\t\t\t\t\t\t   \t\t\t\t\t\t   <\/a>\n\t\t\t\t\t\t   \n\n\t\t\t\t\t\t   \n\t\t\t\t\t   <\/div>\n\n                                                                    <div class=\"text\">ONSITE <br> <span>PROZESSE<\/span><\/div>\n                                                            <\/div>\n                            <svg preserveAspectRatio=\"none\" data-bbox=\"0 0 298.185 352.082\"\n                                 xmlns=\"http:\/\/www.w3.org\/2000\/svg\"\n                                 viewBox=\"0 0 298.185 352.082\" role=\"presentation\" aria-hidden=\"true\">\n                                <g>\n                                    <path\n                                            d=\"M298.185 264.061l-149.093 88.021L0 264.061V88.021L149.092 0l149.093 88.021v176.04z\"><\/path>\n                                <\/g>\n                            <\/svg>\n                        <\/div>\n                                                <div class=\"hexagon hexagon-2\"\n                             data-aos=\"fade-left\">\n                            <div class=\"inner-box\">\n\t\t\t\t\t\t\t\t\t\t\t<div class=\"image\">\n\t\t\t\t\t\t   \t\t\t\t\t\t   <a href=\"https:\/\/prefna.com\/prefsuite\/\" target=\"_self\">\n\t\t\t\t\t\t\t   \t\t\t\t\t\t\t   <img decoding=\"async\" src=\"https:\/\/prefna.com\/wp-content\/uploads\/2023\/08\/PrefSuite_orange_Fenestration_software.webp\" alt=\"\" \/>\n\t\t\t\t\t\t\t   \t\t\t\t\t\t   <\/a>\n\t\t\t\t\t\t   \n\n\t\t\t\t\t\t   \t\t\t\t\t\t   <a href=\"https:\/\/prefna.com\/elo\/\" target=\"_self\">\n\t\t\t\t\t\t\t   \t\t\t\t\t\t\t   <img decoding=\"async\" src=\"https:\/\/prefna.com\/wp-content\/uploads\/2023\/08\/elo_ecmsuite_prolo_pos.webp\" alt=\"\" \/>\n\t\t\t\t\t\t\t   \t\t\t\t\t\t   <\/a>\n\t\t\t\t\t\t   \n\t\t\t\t\t   <\/div>\n\n                                                                    <div class=\"text\">BETRIEBS <br><span>PROZESSE<\/span><\/div>\n                                                            <\/div>\n                            <svg preserveAspectRatio=\"none\" data-bbox=\"0 0 298.185 352.082\"\n                                 xmlns=\"http:\/\/www.w3.org\/2000\/svg\"\n                                 viewBox=\"0 0 298.185 352.082\" role=\"presentation\" aria-hidden=\"true\">\n                                <g>\n                                    <path\n                                            d=\"M298.185 264.061l-149.093 88.021L0 264.061V88.021L149.092 0l149.093 88.021v176.04z\"><\/path>\n                                <\/g>\n                            <\/svg>\n                        <\/div>\n                                                <div class=\"hexagon hexagon-3\"\n                             data-aos=\"fade-right\">\n                            <div class=\"inner-box\">\n\t\t\t\t\t\t\t\t\t\t\t<div class=\"image\">\n\t\t\t\t\t\t   \t\t\t\t\t\t   <a href=\"https:\/\/prefna.com\/prefweb\/\" target=\"_self\">\n\t\t\t\t\t\t\t   \t\t\t\t\t\t\t   <img decoding=\"async\" src=\"https:\/\/prefna.com\/wp-content\/uploads\/2023\/08\/PrefWeb_slogan.webp\" alt=\"\" \/>\n\t\t\t\t\t\t\t   \t\t\t\t\t\t   <\/a>\n\t\t\t\t\t\t   \n\n\t\t\t\t\t\t   \t\t\t\t\t\t   <a href=\"https:\/\/prefna.com\/prefcrm\/\" target=\"_self\">\n\t\t\t\t\t\t\t   \t\t\t\t\t\t\t   <img decoding=\"async\" src=\"https:\/\/prefna.com\/wp-content\/uploads\/2023\/08\/PrefCRM_slogan.webp\" alt=\"\" \/>\n\t\t\t\t\t\t\t   \t\t\t\t\t\t   <\/a>\n\t\t\t\t\t\t   \n\t\t\t\t\t   <\/div>\n\n                                                                    <div class=\"text\">VERKAUFS <br> <span>PROZESSE<\/span><\/div>\n                                                            <\/div>\n                            <svg preserveAspectRatio=\"none\" data-bbox=\"0 0 298.185 352.082\"\n                                 xmlns=\"http:\/\/www.w3.org\/2000\/svg\"\n                                 viewBox=\"0 0 298.185 352.082\" role=\"presentation\" aria-hidden=\"true\">\n                                <g>\n                                    <path\n                                            d=\"M298.185 264.061l-149.093 88.021L0 264.061V88.021L149.092 0l149.093 88.021v176.04z\"><\/path>\n                                <\/g>\n                            <\/svg>\n                        <\/div>\n                                                <div class=\"hexagon hexagon-4\"\n                             data-aos=\"fade-left\">\n                            <div class=\"inner-box\">\n\t\t\t\t\t\t\t\t\t\t\t<div class=\"image\">\n\t\t\t\t\t\t   \t\t\t\t\t\t   <a href=\"https:\/\/prefna.com\/prefsuite\/\" target=\"_self\">\n\t\t\t\t\t\t\t   \t\t\t\t\t\t\t   <img decoding=\"async\" src=\"https:\/\/prefna.com\/wp-content\/uploads\/2023\/08\/PrefSuite_orange_Fenestration_software.webp\" alt=\"\" \/>\n\t\t\t\t\t\t\t   \t\t\t\t\t\t   <\/a>\n\t\t\t\t\t\t   \n\n\t\t\t\t\t\t   \n\t\t\t\t\t   <\/div>\n\n                                                                    <div class=\"text\">DESIGN  <br> <span>PROZESSE<\/span><\/div>\n                                                            <\/div>\n                            <svg preserveAspectRatio=\"none\" data-bbox=\"0 0 298.185 352.082\"\n                                 xmlns=\"http:\/\/www.w3.org\/2000\/svg\"\n                                 viewBox=\"0 0 298.185 352.082\" role=\"presentation\" aria-hidden=\"true\">\n                                <g>\n                                    <path\n                                            d=\"M298.185 264.061l-149.093 88.021L0 264.061V88.021L149.092 0l149.093 88.021v176.04z\"><\/path>\n                                <\/g>\n                            <\/svg>\n                        <\/div>\n                                        <\/div>\n            \n        <\/div>\n        <video autoplay muted loop src=\"https:\/\/prefna.com\/wp-content\/themes\/prefco\/assets\/img\/video-bg.mp4\"><\/video>\n    <\/section>\n    <section class=\"section-text\">\n        <div class=\"container\">\n            <div class=\"wrapper-inner\" data-aos=\"fade-right\">\n                <p>PrefERP ist unser neues Konzept, das die Leistung aller unserer Softwaremodule kombiniert, um Ihnen (viel) mehr zu erm\u00f6glichen. #GOBEYOND<\/p>\n<p>In den letzten 25 Jahren haben wir eine gro\u00dfe Anzahl von Softwaremodulen entwickelt und eine Menge Erfahrung gesammelt.<\/p>\n<p>Daher ist unser Ziel f\u00fcr Sie als unsere gesch\u00e4tzten Kunden leicht definiert:<\/p>\n<p>Ihrem Unternehmen zu helfen, Ziele weit \u00fcber das \u00dcbliche hinaus zu erreichen, damit Sie die maximal m\u00f6gliche Leistung erzielen k\u00f6nnen.<\/p>\n<p>Dies umfasst sowohl Dienstleistungen als auch Software: Wir streben danach, Ihnen eine ma\u00dfgeschneiderte L\u00f6sung f\u00fcr Ihr Unternehmen zu bieten.<\/p>\n<p>Wir bieten auch Einstiegspakete f\u00fcr diejenigen an, die die Standardisierung in ihrem Unternehmen einf\u00fchren m\u00f6chten.<\/p>\n            <\/div>\n        <\/div>\n    <\/section>\n    <section class=\"our-numbers\">\n        <div class=\"container\">\n            <h2 class=\"title-h2\" data-aos=\"fade-up\">Wir sind stolz auf unsere Zahlen<\/h2>\n                            <div class=\"wrapper-number\">\n                                            <div class=\"item\" data-aos=\"fade-right\">\n                            <div class=\"number\">25<\/div>\n                            <div class=\"title\">Jahre <br> Erfahrung<\/div>\n                        <\/div>\n                                            <div class=\"item\" data-aos=\"fade-right\">\n                            <div class=\"number\">5<\/div>\n                            <div class=\"title\">Standorte<\/div>\n                        <\/div>\n                                            <div class=\"item\" data-aos=\"fade-right\">\n                            <div class=\"number\">50<\/div>\n                            <div class=\"title\">Teammitglieder <br> weltweit<\/div>\n                        <\/div>\n                                            <div class=\"item\" data-aos=\"fade-right\">\n                            <div class=\"number\">&gt;100K<\/div>\n                            <div class=\"title\">Benutzer <br> weltweit<\/div>\n                        <\/div>\n                                            <div class=\"item\" data-aos=\"fade-right\">\n                            <div class=\"number\">Milliarden<\/div>\n                            <div class=\"title\">von Fenstern <br> gefertigt<\/div>\n                        <\/div>\n                                    <\/div>\n            \n            <h3 class=\"title-h3\" data-aos=\"fade-right\">&#8230; &amp; starke Partner<\/h3>\n\n                            <div class=\"bottom-logo\">\n                                            <div class=\"item\" data-aos=\"fade-right\">\n                                                            <img decoding=\"async\" src=\"https:\/\/prefna.com\/wp-content\/uploads\/2023\/08\/EFCO-new_edited.webp\"\n                                     alt=\"\"\/>\n                                                    <\/div>\n                                            <div class=\"item\" data-aos=\"fade-right\">\n                                                            <img decoding=\"async\" src=\"https:\/\/prefna.com\/wp-content\/uploads\/2023\/08\/Pella_edited.webp\"\n                                     alt=\"\"\/>\n                                                    <\/div>\n                                            <div class=\"item\" data-aos=\"fade-right\">\n                                                            <img decoding=\"async\" src=\"https:\/\/prefna.com\/wp-content\/uploads\/2023\/08\/ykk-ap_edited.webp\"\n                                     alt=\"\"\/>\n                                                    <\/div>\n                                            <div class=\"item\" data-aos=\"fade-right\">\n                                                            <img decoding=\"async\" src=\"https:\/\/prefna.com\/wp-content\/uploads\/2023\/08\/PGT_edited.webp\"\n                                     alt=\"\"\/>\n                                                    <\/div>\n                                            <div class=\"item\" data-aos=\"fade-right\">\n                                                            <img decoding=\"async\" src=\"https:\/\/prefna.com\/wp-content\/uploads\/2023\/08\/OBE_square_edited.webp\"\n                                     alt=\"\"\/>\n                                                    <\/div>\n                                    <\/div>\n                    <\/div>\n    <\/section>\n","protected":false},"excerpt":{"rendered":"","protected":false},"author":1,"featured_media":0,"parent":0,"menu_order":0,"comment_status":"closed","ping_status":"closed","template":"template-parts\/page-home.php","meta":{"_acf_changed":false,"footnotes":""},"class_list":["post-587","page","type-page","status-publish","hentry"],"acf":[],"_links":{"self":[{"href":"https:\/\/prefna.com\/de\/wp-json\/wp\/v2\/pages\/587"}],"collection":[{"href":"https:\/\/prefna.com\/de\/wp-json\/wp\/v2\/pages"}],"about":[{"href":"https:\/\/prefna.com\/de\/wp-json\/wp\/v2\/types\/page"}],"author":[{"embeddable":true,"href":"https:\/\/prefna.com\/de\/wp-json\/wp\/v2\/users\/1"}],"replies":[{"embeddable":true,"href":"https:\/\/prefna.com\/de\/wp-json\/wp\/v2\/comments?post=587"}],"version-history":[{"count":22,"href":"https:\/\/prefna.com\/de\/wp-json\/wp\/v2\/pages\/587\/revisions"}],"predecessor-version":[{"id":892,"href":"https:\/\/prefna.com\/de\/wp-json\/wp\/v2\/pages\/587\/revisions\/892"}],"wp:attachment":[{"href":"https:\/\/prefna.com\/de\/wp-json\/wp\/v2\/media?parent=587"}],"curies":[{"name":"wp","href":"https:\/\/api.w.org\/{rel}","templated":true}]}}